{"id":213,"date":"2024-08-14T18:20:26","date_gmt":"2024-08-14T16:20:26","guid":{"rendered":"https:\/\/www.elsducs.org\/blog\/?page_id=213"},"modified":"2024-08-14T19:12:08","modified_gmt":"2024-08-14T17:12:08","slug":"politica-de-cookies","status":"publish","type":"page","link":"https:\/\/www.elsducs.org\/blog\/politica-de-cookies\/","title":{"rendered":"Pol\u00edtica de Cookies"},"content":{"rendered":"\n<p>Aquest lloc web utilitza cookies per oferir-te una millor experi\u00e8ncia de navegaci\u00f3 i per a<br>finalitats anal\u00edtiques. Les cookies s\u00f3n fitxers petits que es descarreguen al teu dispositiu<br>quan visites la nostra web. Aquestes cookies ens ajuden a comprendre com interactues<br>amb el nostre lloc i a millorar els nostres serveis.<\/p>\n\n\n\n<p><br><strong>Tipus de cookies que utilitzem:<\/strong><\/p>\n\n\n\n<ul class=\"wp-block-list\">\n<li><strong>Cookies estrictament necess\u00e0ries:<\/strong> Essentials per al funcionament de la web.<\/li>\n\n\n\n<li><strong>Cookies de prefer\u00e8ncies:<\/strong> Permeten recordar les teves prefer\u00e8ncies de navegaci\u00f3.<\/li>\n\n\n\n<li><strong>Cookies d&#8217;an\u00e0lisi:<\/strong> Ens permeten obtenir dades estad\u00edstiques sobre l&#8217;\u00fas del nostre lloc.<\/li>\n\n\n\n<li><strong><strong>Cookies de tercers:<\/strong> <\/strong>Utilitzades per serveis com Google Analytics.<br>Pots gestionar o desactivar les cookies en qualsevol moment a trav\u00e9s de la configuraci\u00f3<br>del teu navegador. Si continues navegant pel nostre lloc, entendrem que acceptes l&#8217;\u00fas de<br>cookies tal com es descriu en aquesta pol\u00edtica.<\/li>\n<\/ul>\n","protected":false},"excerpt":{"rendered":"<p>Aquest lloc web utilitza cookies per oferir-te una millor experi\u00e8ncia de navegaci\u00f3 i per afinalitats anal\u00edtiques. Les cookies s\u00f3n fitxers petits que es descarreguen al teu dispositiuquan visites la nostra web. Aquestes cookies ens ajuden a comprendre com interactuesamb el nostre lloc i a millorar els nostres serveis. Tipus de cookies que utilitzem:<\/p>\n","protected":false},"author":1,"featured_media":0,"parent":0,"menu_order":0,"comment_status":"closed","ping_status":"closed","template":"","meta":{"footnotes":""},"class_list":["post-213","page","type-page","status-publish","hentry"],"yoast_head":"<!-- This site is optimized with the Yoast SEO plugin v23.2 - https:\/\/yoast.com\/wordpress\/plugins\/seo\/ -->\n<title>Pol\u00edtica de Cookies - Els Ducs del Foc<\/title>\n<meta name=\"robots\" content=\"index, follow, max-snippet:-1, max-image-preview:large, max-video-preview:-1\" \/>\n<link rel=\"canonical\" href=\"https:\/\/www.elsducs.org\/blog\/politica-de-cookies\/\" \/>\n<meta property=\"og:locale\" content=\"ca_ES\" \/>\n<meta property=\"og:type\" content=\"article\" \/>\n<meta property=\"og:title\" content=\"Pol\u00edtica de Cookies - Els Ducs del Foc\" \/>\n<meta property=\"og:description\" content=\"Aquest lloc web utilitza cookies per oferir-te una millor experi\u00e8ncia de navegaci\u00f3 i per afinalitats anal\u00edtiques. Les cookies s\u00f3n fitxers petits que es descarreguen al teu dispositiuquan visites la nostra web. Aquestes cookies ens ajuden a comprendre com interactuesamb el nostre lloc i a millorar els nostres serveis. Tipus de cookies que utilitzem:\" \/>\n<meta property=\"og:url\" content=\"https:\/\/www.elsducs.org\/blog\/politica-de-cookies\/\" \/>\n<meta property=\"og:site_name\" content=\"Els Ducs del Foc\" \/>\n<meta property=\"article:publisher\" content=\"https:\/\/ca-es.facebook.com\/elsducs\/\" \/>\n<meta property=\"article:modified_time\" content=\"2024-08-14T17:12:08+00:00\" \/>\n<meta name=\"twitter:card\" content=\"summary_large_image\" \/>\n<meta name=\"twitter:label1\" content=\"Temps estimat de lectura\" \/>\n\t<meta name=\"twitter:data1\" content=\"1 minut\" \/>\n<script type=\"application\/ld+json\" class=\"yoast-schema-graph\">{\"@context\":\"https:\/\/schema.org\",\"@graph\":[{\"@type\":\"WebPage\",\"@id\":\"https:\/\/www.elsducs.org\/blog\/politica-de-cookies\/\",\"url\":\"https:\/\/www.elsducs.org\/blog\/politica-de-cookies\/\",\"name\":\"Pol\u00edtica de Cookies - Els Ducs del Foc\",\"isPartOf\":{\"@id\":\"https:\/\/www.elsducs.org\/blog\/#website\"},\"datePublished\":\"2024-08-14T16:20:26+00:00\",\"dateModified\":\"2024-08-14T17:12:08+00:00\",\"breadcrumb\":{\"@id\":\"https:\/\/www.elsducs.org\/blog\/politica-de-cookies\/#breadcrumb\"},\"inLanguage\":\"ca\",\"potentialAction\":[{\"@type\":\"ReadAction\",\"target\":[\"https:\/\/www.elsducs.org\/blog\/politica-de-cookies\/\"]}]},{\"@type\":\"BreadcrumbList\",\"@id\":\"https:\/\/www.elsducs.org\/blog\/politica-de-cookies\/#breadcrumb\",\"itemListElement\":[{\"@type\":\"ListItem\",\"position\":1,\"name\":\"Inici\",\"item\":\"https:\/\/www.elsducs.org\/blog\/\"},{\"@type\":\"ListItem\",\"position\":2,\"name\":\"Pol\u00edtica de Cookies\"}]},{\"@type\":\"WebSite\",\"@id\":\"https:\/\/www.elsducs.org\/blog\/#website\",\"url\":\"https:\/\/www.elsducs.org\/blog\/\",\"name\":\"Els Ducs del Foc\",\"description\":\"Correfocs i espectacles pirot\u00e8cnics a Catalunya\",\"publisher\":{\"@id\":\"https:\/\/www.elsducs.org\/blog\/#organization\"},\"potentialAction\":[{\"@type\":\"SearchAction\",\"target\":{\"@type\":\"EntryPoint\",\"urlTemplate\":\"https:\/\/www.elsducs.org\/blog\/?s={search_term_string}\"},\"query-input\":\"required name=search_term_string\"}],\"inLanguage\":\"ca\"},{\"@type\":\"Organization\",\"@id\":\"https:\/\/www.elsducs.org\/blog\/#organization\",\"name\":\"Els Ducs del Foc\",\"url\":\"https:\/\/www.elsducs.org\/blog\/\",\"logo\":{\"@type\":\"ImageObject\",\"inLanguage\":\"ca\",\"@id\":\"https:\/\/www.elsducs.org\/blog\/#\/schema\/logo\/image\/\",\"url\":\"https:\/\/www.elsducs.org\/blog\/wp-content\/uploads\/2024\/08\/ducs.jpg\",\"contentUrl\":\"https:\/\/www.elsducs.org\/blog\/wp-content\/uploads\/2024\/08\/ducs.jpg\",\"width\":180,\"height\":180,\"caption\":\"Els Ducs del Foc\"},\"image\":{\"@id\":\"https:\/\/www.elsducs.org\/blog\/#\/schema\/logo\/image\/\"},\"sameAs\":[\"https:\/\/ca-es.facebook.com\/elsducs\/\",\"https:\/\/www.instagram.com\/elsducsdelfoc\/\"]}]}<\/script>\n<!-- \/ Yoast SEO plugin. -->","yoast_head_json":{"title":"Pol\u00edtica de Cookies - Els Ducs del Foc","robots":{"index":"index","follow":"follow","max-snippet":"max-snippet:-1","max-image-preview":"max-image-preview:large","max-video-preview":"max-video-preview:-1"},"canonical":"https:\/\/www.elsducs.org\/blog\/politica-de-cookies\/","og_locale":"ca_ES","og_type":"article","og_title":"Pol\u00edtica de Cookies - Els Ducs del Foc","og_description":"Aquest lloc web utilitza cookies per oferir-te una millor experi\u00e8ncia de navegaci\u00f3 i per afinalitats anal\u00edtiques. Les cookies s\u00f3n fitxers petits que es descarreguen al teu dispositiuquan visites la nostra web. Aquestes cookies ens ajuden a comprendre com interactuesamb el nostre lloc i a millorar els nostres serveis. Tipus de cookies que utilitzem:","og_url":"https:\/\/www.elsducs.org\/blog\/politica-de-cookies\/","og_site_name":"Els Ducs del Foc","article_publisher":"https:\/\/ca-es.facebook.com\/elsducs\/","article_modified_time":"2024-08-14T17:12:08+00:00","twitter_card":"summary_large_image","twitter_misc":{"Temps estimat de lectura":"1 minut"},"schema":{"@context":"https:\/\/schema.org","@graph":[{"@type":"WebPage","@id":"https:\/\/www.elsducs.org\/blog\/politica-de-cookies\/","url":"https:\/\/www.elsducs.org\/blog\/politica-de-cookies\/","name":"Pol\u00edtica de Cookies - Els Ducs del Foc","isPartOf":{"@id":"https:\/\/www.elsducs.org\/blog\/#website"},"datePublished":"2024-08-14T16:20:26+00:00","dateModified":"2024-08-14T17:12:08+00:00","breadcrumb":{"@id":"https:\/\/www.elsducs.org\/blog\/politica-de-cookies\/#breadcrumb"},"inLanguage":"ca","potentialAction":[{"@type":"ReadAction","target":["https:\/\/www.elsducs.org\/blog\/politica-de-cookies\/"]}]},{"@type":"BreadcrumbList","@id":"https:\/\/www.elsducs.org\/blog\/politica-de-cookies\/#breadcrumb","itemListElement":[{"@type":"ListItem","position":1,"name":"Inici","item":"https:\/\/www.elsducs.org\/blog\/"},{"@type":"ListItem","position":2,"name":"Pol\u00edtica de Cookies"}]},{"@type":"WebSite","@id":"https:\/\/www.elsducs.org\/blog\/#website","url":"https:\/\/www.elsducs.org\/blog\/","name":"Els Ducs del Foc","description":"Correfocs i espectacles pirot\u00e8cnics a Catalunya","publisher":{"@id":"https:\/\/www.elsducs.org\/blog\/#organization"},"potentialAction":[{"@type":"SearchAction","target":{"@type":"EntryPoint","urlTemplate":"https:\/\/www.elsducs.org\/blog\/?s={search_term_string}"},"query-input":"required name=search_term_string"}],"inLanguage":"ca"},{"@type":"Organization","@id":"https:\/\/www.elsducs.org\/blog\/#organization","name":"Els Ducs del Foc","url":"https:\/\/www.elsducs.org\/blog\/","logo":{"@type":"ImageObject","inLanguage":"ca","@id":"https:\/\/www.elsducs.org\/blog\/#\/schema\/logo\/image\/","url":"https:\/\/www.elsducs.org\/blog\/wp-content\/uploads\/2024\/08\/ducs.jpg","contentUrl":"https:\/\/www.elsducs.org\/blog\/wp-content\/uploads\/2024\/08\/ducs.jpg","width":180,"height":180,"caption":"Els Ducs del Foc"},"image":{"@id":"https:\/\/www.elsducs.org\/blog\/#\/schema\/logo\/image\/"},"sameAs":["https:\/\/ca-es.facebook.com\/elsducs\/","https:\/\/www.instagram.com\/elsducsdelfoc\/"]}]}},"_links":{"self":[{"href":"https:\/\/www.elsducs.org\/blog\/wp-json\/wp\/v2\/pages\/213","targetHints":{"allow":["GET"]}}],"collection":[{"href":"https:\/\/www.elsducs.org\/blog\/wp-json\/wp\/v2\/pages"}],"about":[{"href":"https:\/\/www.elsducs.org\/blog\/wp-json\/wp\/v2\/types\/page"}],"author":[{"embeddable":true,"href":"https:\/\/www.elsducs.org\/blog\/wp-json\/wp\/v2\/users\/1"}],"replies":[{"embeddable":true,"href":"https:\/\/www.elsducs.org\/blog\/wp-json\/wp\/v2\/comments?post=213"}],"version-history":[{"count":6,"href":"https:\/\/www.elsducs.org\/blog\/wp-json\/wp\/v2\/pages\/213\/revisions"}],"predecessor-version":[{"id":254,"href":"https:\/\/www.elsducs.org\/blog\/wp-json\/wp\/v2\/pages\/213\/revisions\/254"}],"wp:attachment":[{"href":"https:\/\/www.elsducs.org\/blog\/wp-json\/wp\/v2\/media?parent=213"}],"curies":[{"name":"wp","href":"https:\/\/api.w.org\/{rel}","templated":true}]}}