{"id":19,"date":"2024-08-13T15:52:23","date_gmt":"2024-08-13T13:52:23","guid":{"rendered":"https:\/\/www.elsducs.org\/blog\/?page_id=19"},"modified":"2024-08-15T11:19:33","modified_gmt":"2024-08-15T09:19:33","slug":"historia","status":"publish","type":"page","link":"https:\/\/www.elsducs.org\/blog\/historia\/","title":{"rendered":"HIST\u00d2RIA"},"content":{"rendered":"\n<h1 class=\"wp-block-heading\"><strong>La nostra hist\u00f2ria: 25 anys mantenint viva la tradici\u00f3 dels correfocs<\/strong>.<\/h1>\n\n\n\n<p>Fa gaireb\u00e9 30 anys que Els Ducs del Foc vam n\u00e9ixer amb un objectiu clar: portar l&#8217;ess\u00e8ncia dels correfocs a les festes majors de Catalunya i mantenir viva una de les tradicions m\u00e9s estimades del nostre patrimoni cultural. Durant aquestes gaireb\u00e9 tres d\u00e8cades, hem evolucionat i crescut amb cada espurna i esclat, convertint-nos en una refer\u00e8ncia dins del m\u00f3n dels diables i de la cultura popular catalana.<\/p>\n\n\n\n<p>Amb una traject\u00f2ria destacada, hem participat en nombrosos esdeveniments i festes majors, compartint escenari amb altres colles importants com Les G\u00e0rgoles del Foc de Banyoles o els Pim, Pam, Pum d\u2019Olot. Any rere any, celebrem amb la mateixa passi\u00f3 i comprom\u00eds que ens va impulsar des del primer dia. Aquest 17 d\u2019agost, tornarem a omplir els carrers de Torroella de Montgr\u00ed de foc i m\u00fasica per la Festa Major, seguint una tradici\u00f3 que portem arrelada al cor.<\/p>\n\n\n\n<p>A m\u00e9s, pensem en les noves generacions amb els nostres Mussolets, una formaci\u00f3 creada perqu\u00e8 els m\u00e9s petits puguin gaudir del correfoc de manera segura i divertida. Si ets un apassionat de la festa i la tradici\u00f3, vine a celebrar amb nosaltres i forma part d\u2019aquesta hist\u00f2ria de foc i cultura!<\/p>\n\n\n\n<figure class=\"wp-block-embed is-type-video is-provider-youtube wp-block-embed-youtube wp-embed-aspect-16-9 wp-has-aspect-ratio\"><div class=\"wp-block-embed__wrapper\">\n<iframe loading=\"lazy\" title=\"DOCUMENTAL: CORREFOCS, LA CULTURA VIVA DEL FOC AL BAIX EMPORD\u00c0  (Treball de Recerca)\" width=\"500\" height=\"281\" src=\"https:\/\/www.youtube.com\/embed\/BBBOs56j-Gs?feature=oembed\" frameborder=\"0\" allow=\"accelerometer; autoplay; clipboard-write; encrypted-media; gyroscope; picture-in-picture; web-share\" referrerpolicy=\"strict-origin-when-cross-origin\" allowfullscreen><\/iframe>\n<\/div><\/figure>\n","protected":false},"excerpt":{"rendered":"<p>La nostra hist\u00f2ria: 25 anys mantenint viva la tradici\u00f3 dels correfocs. Fa gaireb\u00e9 30 anys que Els Ducs del Foc vam n\u00e9ixer amb un objectiu clar: portar l&#8217;ess\u00e8ncia dels correfocs a les festes majors de Catalunya i mantenir viva una de les tradicions m\u00e9s estimades del nostre patrimoni cultural. Durant aquestes gaireb\u00e9 tres d\u00e8cades, hem [&hellip;]<\/p>\n","protected":false},"author":1,"featured_media":0,"parent":0,"menu_order":0,"comment_status":"closed","ping_status":"closed","template":"","meta":{"footnotes":""},"class_list":["post-19","page","type-page","status-publish","hentry"],"yoast_head":"<!-- This site is optimized with the Yoast SEO plugin v23.2 - https:\/\/yoast.com\/wordpress\/plugins\/seo\/ -->\n<title>HIST\u00d2RIA - Els Ducs del Foc<\/title>\n<meta name=\"robots\" content=\"index, follow, max-snippet:-1, max-image-preview:large, max-video-preview:-1\" \/>\n<link rel=\"canonical\" href=\"https:\/\/www.elsducs.org\/blog\/historia\/\" \/>\n<meta property=\"og:locale\" content=\"ca_ES\" \/>\n<meta property=\"og:type\" content=\"article\" \/>\n<meta property=\"og:title\" content=\"HIST\u00d2RIA - Els Ducs del Foc\" \/>\n<meta property=\"og:description\" content=\"La nostra hist\u00f2ria: 25 anys mantenint viva la tradici\u00f3 dels correfocs. Fa gaireb\u00e9 30 anys que Els Ducs del Foc vam n\u00e9ixer amb un objectiu clar: portar l&#8217;ess\u00e8ncia dels correfocs a les festes majors de Catalunya i mantenir viva una de les tradicions m\u00e9s estimades del nostre patrimoni cultural. Durant aquestes gaireb\u00e9 tres d\u00e8cades, hem [&hellip;]\" \/>\n<meta property=\"og:url\" content=\"https:\/\/www.elsducs.org\/blog\/historia\/\" \/>\n<meta property=\"og:site_name\" content=\"Els Ducs del Foc\" \/>\n<meta property=\"article:publisher\" content=\"https:\/\/ca-es.facebook.com\/elsducs\/\" \/>\n<meta property=\"article:modified_time\" content=\"2024-08-15T09:19:33+00:00\" \/>\n<meta name=\"twitter:card\" content=\"summary_large_image\" \/>\n<meta name=\"twitter:label1\" content=\"Temps estimat de lectura\" \/>\n\t<meta name=\"twitter:data1\" content=\"1 minut\" \/>\n<script type=\"application\/ld+json\" class=\"yoast-schema-graph\">{\"@context\":\"https:\/\/schema.org\",\"@graph\":[{\"@type\":\"WebPage\",\"@id\":\"https:\/\/www.elsducs.org\/blog\/historia\/\",\"url\":\"https:\/\/www.elsducs.org\/blog\/historia\/\",\"name\":\"HIST\u00d2RIA - Els Ducs del Foc\",\"isPartOf\":{\"@id\":\"https:\/\/www.elsducs.org\/blog\/#website\"},\"datePublished\":\"2024-08-13T13:52:23+00:00\",\"dateModified\":\"2024-08-15T09:19:33+00:00\",\"breadcrumb\":{\"@id\":\"https:\/\/www.elsducs.org\/blog\/historia\/#breadcrumb\"},\"inLanguage\":\"ca\",\"potentialAction\":[{\"@type\":\"ReadAction\",\"target\":[\"https:\/\/www.elsducs.org\/blog\/historia\/\"]}]},{\"@type\":\"BreadcrumbList\",\"@id\":\"https:\/\/www.elsducs.org\/blog\/historia\/#breadcrumb\",\"itemListElement\":[{\"@type\":\"ListItem\",\"position\":1,\"name\":\"Inici\",\"item\":\"https:\/\/www.elsducs.org\/blog\/\"},{\"@type\":\"ListItem\",\"position\":2,\"name\":\"HIST\u00d2RIA\"}]},{\"@type\":\"WebSite\",\"@id\":\"https:\/\/www.elsducs.org\/blog\/#website\",\"url\":\"https:\/\/www.elsducs.org\/blog\/\",\"name\":\"Els Ducs del Foc\",\"description\":\"Correfocs i espectacles pirot\u00e8cnics a Catalunya\",\"publisher\":{\"@id\":\"https:\/\/www.elsducs.org\/blog\/#organization\"},\"potentialAction\":[{\"@type\":\"SearchAction\",\"target\":{\"@type\":\"EntryPoint\",\"urlTemplate\":\"https:\/\/www.elsducs.org\/blog\/?s={search_term_string}\"},\"query-input\":\"required name=search_term_string\"}],\"inLanguage\":\"ca\"},{\"@type\":\"Organization\",\"@id\":\"https:\/\/www.elsducs.org\/blog\/#organization\",\"name\":\"Els Ducs del Foc\",\"url\":\"https:\/\/www.elsducs.org\/blog\/\",\"logo\":{\"@type\":\"ImageObject\",\"inLanguage\":\"ca\",\"@id\":\"https:\/\/www.elsducs.org\/blog\/#\/schema\/logo\/image\/\",\"url\":\"https:\/\/www.elsducs.org\/blog\/wp-content\/uploads\/2024\/08\/ducs.jpg\",\"contentUrl\":\"https:\/\/www.elsducs.org\/blog\/wp-content\/uploads\/2024\/08\/ducs.jpg\",\"width\":180,\"height\":180,\"caption\":\"Els Ducs del Foc\"},\"image\":{\"@id\":\"https:\/\/www.elsducs.org\/blog\/#\/schema\/logo\/image\/\"},\"sameAs\":[\"https:\/\/ca-es.facebook.com\/elsducs\/\",\"https:\/\/www.instagram.com\/elsducsdelfoc\/\"]}]}<\/script>\n<!-- \/ Yoast SEO plugin. -->","yoast_head_json":{"title":"HIST\u00d2RIA - Els Ducs del Foc","robots":{"index":"index","follow":"follow","max-snippet":"max-snippet:-1","max-image-preview":"max-image-preview:large","max-video-preview":"max-video-preview:-1"},"canonical":"https:\/\/www.elsducs.org\/blog\/historia\/","og_locale":"ca_ES","og_type":"article","og_title":"HIST\u00d2RIA - Els Ducs del Foc","og_description":"La nostra hist\u00f2ria: 25 anys mantenint viva la tradici\u00f3 dels correfocs. Fa gaireb\u00e9 30 anys que Els Ducs del Foc vam n\u00e9ixer amb un objectiu clar: portar l&#8217;ess\u00e8ncia dels correfocs a les festes majors de Catalunya i mantenir viva una de les tradicions m\u00e9s estimades del nostre patrimoni cultural. Durant aquestes gaireb\u00e9 tres d\u00e8cades, hem [&hellip;]","og_url":"https:\/\/www.elsducs.org\/blog\/historia\/","og_site_name":"Els Ducs del Foc","article_publisher":"https:\/\/ca-es.facebook.com\/elsducs\/","article_modified_time":"2024-08-15T09:19:33+00:00","twitter_card":"summary_large_image","twitter_misc":{"Temps estimat de lectura":"1 minut"},"schema":{"@context":"https:\/\/schema.org","@graph":[{"@type":"WebPage","@id":"https:\/\/www.elsducs.org\/blog\/historia\/","url":"https:\/\/www.elsducs.org\/blog\/historia\/","name":"HIST\u00d2RIA - Els Ducs del Foc","isPartOf":{"@id":"https:\/\/www.elsducs.org\/blog\/#website"},"datePublished":"2024-08-13T13:52:23+00:00","dateModified":"2024-08-15T09:19:33+00:00","breadcrumb":{"@id":"https:\/\/www.elsducs.org\/blog\/historia\/#breadcrumb"},"inLanguage":"ca","potentialAction":[{"@type":"ReadAction","target":["https:\/\/www.elsducs.org\/blog\/historia\/"]}]},{"@type":"BreadcrumbList","@id":"https:\/\/www.elsducs.org\/blog\/historia\/#breadcrumb","itemListElement":[{"@type":"ListItem","position":1,"name":"Inici","item":"https:\/\/www.elsducs.org\/blog\/"},{"@type":"ListItem","position":2,"name":"HIST\u00d2RIA"}]},{"@type":"WebSite","@id":"https:\/\/www.elsducs.org\/blog\/#website","url":"https:\/\/www.elsducs.org\/blog\/","name":"Els Ducs del Foc","description":"Correfocs i espectacles pirot\u00e8cnics a Catalunya","publisher":{"@id":"https:\/\/www.elsducs.org\/blog\/#organization"},"potentialAction":[{"@type":"SearchAction","target":{"@type":"EntryPoint","urlTemplate":"https:\/\/www.elsducs.org\/blog\/?s={search_term_string}"},"query-input":"required name=search_term_string"}],"inLanguage":"ca"},{"@type":"Organization","@id":"https:\/\/www.elsducs.org\/blog\/#organization","name":"Els Ducs del Foc","url":"https:\/\/www.elsducs.org\/blog\/","logo":{"@type":"ImageObject","inLanguage":"ca","@id":"https:\/\/www.elsducs.org\/blog\/#\/schema\/logo\/image\/","url":"https:\/\/www.elsducs.org\/blog\/wp-content\/uploads\/2024\/08\/ducs.jpg","contentUrl":"https:\/\/www.elsducs.org\/blog\/wp-content\/uploads\/2024\/08\/ducs.jpg","width":180,"height":180,"caption":"Els Ducs del Foc"},"image":{"@id":"https:\/\/www.elsducs.org\/blog\/#\/schema\/logo\/image\/"},"sameAs":["https:\/\/ca-es.facebook.com\/elsducs\/","https:\/\/www.instagram.com\/elsducsdelfoc\/"]}]}},"_links":{"self":[{"href":"https:\/\/www.elsducs.org\/blog\/wp-json\/wp\/v2\/pages\/19","targetHints":{"allow":["GET"]}}],"collection":[{"href":"https:\/\/www.elsducs.org\/blog\/wp-json\/wp\/v2\/pages"}],"about":[{"href":"https:\/\/www.elsducs.org\/blog\/wp-json\/wp\/v2\/types\/page"}],"author":[{"embeddable":true,"href":"https:\/\/www.elsducs.org\/blog\/wp-json\/wp\/v2\/users\/1"}],"replies":[{"embeddable":true,"href":"https:\/\/www.elsducs.org\/blog\/wp-json\/wp\/v2\/comments?post=19"}],"version-history":[{"count":6,"href":"https:\/\/www.elsducs.org\/blog\/wp-json\/wp\/v2\/pages\/19\/revisions"}],"predecessor-version":[{"id":275,"href":"https:\/\/www.elsducs.org\/blog\/wp-json\/wp\/v2\/pages\/19\/revisions\/275"}],"wp:attachment":[{"href":"https:\/\/www.elsducs.org\/blog\/wp-json\/wp\/v2\/media?parent=19"}],"curies":[{"name":"wp","href":"https:\/\/api.w.org\/{rel}","templated":true}]}}