{"id":18,"date":"2024-08-13T15:52:59","date_gmt":"2024-08-13T13:52:59","guid":{"rendered":"https:\/\/www.elsducs.org\/blog\/?page_id=18"},"modified":"2024-08-14T18:46:15","modified_gmt":"2024-08-14T16:46:15","slug":"que-fem","status":"publish","type":"page","link":"https:\/\/www.elsducs.org\/blog\/que-fem\/","title":{"rendered":"QUE FEM"},"content":{"rendered":"\n<h1 class=\"wp-block-heading\">Som una associaci\u00f3\u00a0sense \u00e0nim\u00a0de lucre<\/h1>\n\n\n\n<p>Descobreix la m\u00e0gia del foc amb Els Ducs del Foc! Transformem les nits en aut\u00e8ntics espectacles de foc, espurnes i diversi\u00f3 que captiven tots els sentits. Especialitzats en organitzar correfocs per a festes majors i esdeveniments, creem ambients inoblidables on el ritme dels tambors, l&#8217;impacte dels coets i la m\u00e0gia del foc ens connecten amb les arrels m\u00e9s profundes de la cultura catalana.<\/p>\n\n\n\n<p>Els nostres correfocs s\u00f3n una fusi\u00f3 \u00fanica d\u2019art, tradici\u00f3 i adrenalina. Els diables dansen sota una pluja de foc, convidant-te a formar part d\u2019aquesta experi\u00e8ncia excepcional. A m\u00e9s, oferim tallers i activitats did\u00e0ctiques per a totes les edats, on podr\u00e0s experimentar la pot\u00e8ncia del foc de manera segura i emocionant, mentre descobreixes els secrets de la pirot\u00e8cnia i la hist\u00f2ria dels correfocs.<\/p>\n\n\n\n<p>Vine a viure una experi\u00e8ncia \u00fanica amb Els Ducs del Foc! Tant si ets un apassionat dels correfocs com si \u00e9s la teva primera vegada, et garantim que cada moment es convertir\u00e0 en un record inesborrable. No et perdis l&#8217;oportunitat de deixar-te portar per la m\u00e0gia del foc!<\/p>\n","protected":false},"excerpt":{"rendered":"<p>Som una associaci\u00f3\u00a0sense \u00e0nim\u00a0de lucre Descobreix la m\u00e0gia del foc amb Els Ducs del Foc! Transformem les nits en aut\u00e8ntics espectacles de foc, espurnes i diversi\u00f3 que captiven tots els sentits. Especialitzats en organitzar correfocs per a festes majors i esdeveniments, creem ambients inoblidables on el ritme dels tambors, l&#8217;impacte dels coets i la m\u00e0gia [&hellip;]<\/p>\n","protected":false},"author":1,"featured_media":0,"parent":0,"menu_order":0,"comment_status":"closed","ping_status":"closed","template":"","meta":{"footnotes":""},"class_list":["post-18","page","type-page","status-publish","hentry"],"yoast_head":"<!-- This site is optimized with the Yoast SEO plugin v23.2 - https:\/\/yoast.com\/wordpress\/plugins\/seo\/ -->\n<title>QUE FEM - Els Ducs del Foc<\/title>\n<meta name=\"robots\" content=\"index, follow, max-snippet:-1, max-image-preview:large, max-video-preview:-1\" \/>\n<link rel=\"canonical\" href=\"https:\/\/www.elsducs.org\/blog\/que-fem\/\" \/>\n<meta property=\"og:locale\" content=\"ca_ES\" \/>\n<meta property=\"og:type\" content=\"article\" \/>\n<meta property=\"og:title\" content=\"QUE FEM - Els Ducs del Foc\" \/>\n<meta property=\"og:description\" content=\"Som una associaci\u00f3\u00a0sense \u00e0nim\u00a0de lucre Descobreix la m\u00e0gia del foc amb Els Ducs del Foc! Transformem les nits en aut\u00e8ntics espectacles de foc, espurnes i diversi\u00f3 que captiven tots els sentits. Especialitzats en organitzar correfocs per a festes majors i esdeveniments, creem ambients inoblidables on el ritme dels tambors, l&#8217;impacte dels coets i la m\u00e0gia [&hellip;]\" \/>\n<meta property=\"og:url\" content=\"https:\/\/www.elsducs.org\/blog\/que-fem\/\" \/>\n<meta property=\"og:site_name\" content=\"Els Ducs del Foc\" \/>\n<meta property=\"article:publisher\" content=\"https:\/\/ca-es.facebook.com\/elsducs\/\" \/>\n<meta property=\"article:modified_time\" content=\"2024-08-14T16:46:15+00:00\" \/>\n<meta name=\"twitter:card\" content=\"summary_large_image\" \/>\n<meta name=\"twitter:label1\" content=\"Temps estimat de lectura\" \/>\n\t<meta name=\"twitter:data1\" content=\"1 minut\" \/>\n<script type=\"application\/ld+json\" class=\"yoast-schema-graph\">{\"@context\":\"https:\/\/schema.org\",\"@graph\":[{\"@type\":\"WebPage\",\"@id\":\"https:\/\/www.elsducs.org\/blog\/que-fem\/\",\"url\":\"https:\/\/www.elsducs.org\/blog\/que-fem\/\",\"name\":\"QUE FEM - Els Ducs del Foc\",\"isPartOf\":{\"@id\":\"https:\/\/www.elsducs.org\/blog\/#website\"},\"datePublished\":\"2024-08-13T13:52:59+00:00\",\"dateModified\":\"2024-08-14T16:46:15+00:00\",\"breadcrumb\":{\"@id\":\"https:\/\/www.elsducs.org\/blog\/que-fem\/#breadcrumb\"},\"inLanguage\":\"ca\",\"potentialAction\":[{\"@type\":\"ReadAction\",\"target\":[\"https:\/\/www.elsducs.org\/blog\/que-fem\/\"]}]},{\"@type\":\"BreadcrumbList\",\"@id\":\"https:\/\/www.elsducs.org\/blog\/que-fem\/#breadcrumb\",\"itemListElement\":[{\"@type\":\"ListItem\",\"position\":1,\"name\":\"Inici\",\"item\":\"https:\/\/www.elsducs.org\/blog\/\"},{\"@type\":\"ListItem\",\"position\":2,\"name\":\"QUE FEM\"}]},{\"@type\":\"WebSite\",\"@id\":\"https:\/\/www.elsducs.org\/blog\/#website\",\"url\":\"https:\/\/www.elsducs.org\/blog\/\",\"name\":\"Els Ducs del Foc\",\"description\":\"Correfocs i espectacles pirot\u00e8cnics a Catalunya\",\"publisher\":{\"@id\":\"https:\/\/www.elsducs.org\/blog\/#organization\"},\"potentialAction\":[{\"@type\":\"SearchAction\",\"target\":{\"@type\":\"EntryPoint\",\"urlTemplate\":\"https:\/\/www.elsducs.org\/blog\/?s={search_term_string}\"},\"query-input\":\"required name=search_term_string\"}],\"inLanguage\":\"ca\"},{\"@type\":\"Organization\",\"@id\":\"https:\/\/www.elsducs.org\/blog\/#organization\",\"name\":\"Els Ducs del Foc\",\"url\":\"https:\/\/www.elsducs.org\/blog\/\",\"logo\":{\"@type\":\"ImageObject\",\"inLanguage\":\"ca\",\"@id\":\"https:\/\/www.elsducs.org\/blog\/#\/schema\/logo\/image\/\",\"url\":\"https:\/\/www.elsducs.org\/blog\/wp-content\/uploads\/2024\/08\/ducs.jpg\",\"contentUrl\":\"https:\/\/www.elsducs.org\/blog\/wp-content\/uploads\/2024\/08\/ducs.jpg\",\"width\":180,\"height\":180,\"caption\":\"Els Ducs del Foc\"},\"image\":{\"@id\":\"https:\/\/www.elsducs.org\/blog\/#\/schema\/logo\/image\/\"},\"sameAs\":[\"https:\/\/ca-es.facebook.com\/elsducs\/\",\"https:\/\/www.instagram.com\/elsducsdelfoc\/\"]}]}<\/script>\n<!-- \/ Yoast SEO plugin. -->","yoast_head_json":{"title":"QUE FEM - Els Ducs del Foc","robots":{"index":"index","follow":"follow","max-snippet":"max-snippet:-1","max-image-preview":"max-image-preview:large","max-video-preview":"max-video-preview:-1"},"canonical":"https:\/\/www.elsducs.org\/blog\/que-fem\/","og_locale":"ca_ES","og_type":"article","og_title":"QUE FEM - Els Ducs del Foc","og_description":"Som una associaci\u00f3\u00a0sense \u00e0nim\u00a0de lucre Descobreix la m\u00e0gia del foc amb Els Ducs del Foc! Transformem les nits en aut\u00e8ntics espectacles de foc, espurnes i diversi\u00f3 que captiven tots els sentits. Especialitzats en organitzar correfocs per a festes majors i esdeveniments, creem ambients inoblidables on el ritme dels tambors, l&#8217;impacte dels coets i la m\u00e0gia [&hellip;]","og_url":"https:\/\/www.elsducs.org\/blog\/que-fem\/","og_site_name":"Els Ducs del Foc","article_publisher":"https:\/\/ca-es.facebook.com\/elsducs\/","article_modified_time":"2024-08-14T16:46:15+00:00","twitter_card":"summary_large_image","twitter_misc":{"Temps estimat de lectura":"1 minut"},"schema":{"@context":"https:\/\/schema.org","@graph":[{"@type":"WebPage","@id":"https:\/\/www.elsducs.org\/blog\/que-fem\/","url":"https:\/\/www.elsducs.org\/blog\/que-fem\/","name":"QUE FEM - Els Ducs del Foc","isPartOf":{"@id":"https:\/\/www.elsducs.org\/blog\/#website"},"datePublished":"2024-08-13T13:52:59+00:00","dateModified":"2024-08-14T16:46:15+00:00","breadcrumb":{"@id":"https:\/\/www.elsducs.org\/blog\/que-fem\/#breadcrumb"},"inLanguage":"ca","potentialAction":[{"@type":"ReadAction","target":["https:\/\/www.elsducs.org\/blog\/que-fem\/"]}]},{"@type":"BreadcrumbList","@id":"https:\/\/www.elsducs.org\/blog\/que-fem\/#breadcrumb","itemListElement":[{"@type":"ListItem","position":1,"name":"Inici","item":"https:\/\/www.elsducs.org\/blog\/"},{"@type":"ListItem","position":2,"name":"QUE FEM"}]},{"@type":"WebSite","@id":"https:\/\/www.elsducs.org\/blog\/#website","url":"https:\/\/www.elsducs.org\/blog\/","name":"Els Ducs del Foc","description":"Correfocs i espectacles pirot\u00e8cnics a Catalunya","publisher":{"@id":"https:\/\/www.elsducs.org\/blog\/#organization"},"potentialAction":[{"@type":"SearchAction","target":{"@type":"EntryPoint","urlTemplate":"https:\/\/www.elsducs.org\/blog\/?s={search_term_string}"},"query-input":"required name=search_term_string"}],"inLanguage":"ca"},{"@type":"Organization","@id":"https:\/\/www.elsducs.org\/blog\/#organization","name":"Els Ducs del Foc","url":"https:\/\/www.elsducs.org\/blog\/","logo":{"@type":"ImageObject","inLanguage":"ca","@id":"https:\/\/www.elsducs.org\/blog\/#\/schema\/logo\/image\/","url":"https:\/\/www.elsducs.org\/blog\/wp-content\/uploads\/2024\/08\/ducs.jpg","contentUrl":"https:\/\/www.elsducs.org\/blog\/wp-content\/uploads\/2024\/08\/ducs.jpg","width":180,"height":180,"caption":"Els Ducs del Foc"},"image":{"@id":"https:\/\/www.elsducs.org\/blog\/#\/schema\/logo\/image\/"},"sameAs":["https:\/\/ca-es.facebook.com\/elsducs\/","https:\/\/www.instagram.com\/elsducsdelfoc\/"]}]}},"_links":{"self":[{"href":"https:\/\/www.elsducs.org\/blog\/wp-json\/wp\/v2\/pages\/18","targetHints":{"allow":["GET"]}}],"collection":[{"href":"https:\/\/www.elsducs.org\/blog\/wp-json\/wp\/v2\/pages"}],"about":[{"href":"https:\/\/www.elsducs.org\/blog\/wp-json\/wp\/v2\/types\/page"}],"author":[{"embeddable":true,"href":"https:\/\/www.elsducs.org\/blog\/wp-json\/wp\/v2\/users\/1"}],"replies":[{"embeddable":true,"href":"https:\/\/www.elsducs.org\/blog\/wp-json\/wp\/v2\/comments?post=18"}],"version-history":[{"count":8,"href":"https:\/\/www.elsducs.org\/blog\/wp-json\/wp\/v2\/pages\/18\/revisions"}],"predecessor-version":[{"id":234,"href":"https:\/\/www.elsducs.org\/blog\/wp-json\/wp\/v2\/pages\/18\/revisions\/234"}],"wp:attachment":[{"href":"https:\/\/www.elsducs.org\/blog\/wp-json\/wp\/v2\/media?parent=18"}],"curies":[{"name":"wp","href":"https:\/\/api.w.org\/{rel}","templated":true}]}}