{"id":17,"date":"2024-08-13T15:52:52","date_gmt":"2024-08-13T13:52:52","guid":{"rendered":"https:\/\/www.elsducs.org\/blog\/?page_id=17"},"modified":"2024-08-15T11:18:41","modified_gmt":"2024-08-15T09:18:41","slug":"qui","status":"publish","type":"page","link":"https:\/\/www.elsducs.org\/blog\/qui\/","title":{"rendered":"QUI SOM"},"content":{"rendered":"\n<h1 class=\"wp-block-heading\"><strong>Els Ducs del Foc: <\/strong>30 anys cremant tradici\u00f3 i passi\u00f3 per la cultura catalana<\/h1>\n\n\n\n<p>Som Els Ducs del Foc, una colla de diables que porta gaireb\u00e9 30 anys encenent la flama de la tradici\u00f3 i la passi\u00f3 per la cultura catalana. Amb la nostra energia, omplim cada rac\u00f3 de Catalunya de llum, trons i entusiasme, fent vibrar els carrers amb l\u2019esperit dels correfocs, una de les tradicions m\u00e9s emblem\u00e0tiques del nostre pa\u00eds.<\/p>\n\n\n\n<p>La nostra colla, formada per joves i veterans apassionats pel foc, es dedica a mantenir viu l\u2019esperit dels correfocs, connectant amb el p\u00fablic i oferint actuacions plenes de m\u00e0gia i emoci\u00f3. Ens defineix la nostra comunitat, on cada membre viu intensament la cultura popular, treballant per fer que cada espectacle sigui una experi\u00e8ncia \u00fanica i inoblidable.<\/p>\n\n\n\n<p>Els Ducs del Foc som molt m\u00e9s que una colla de diables; som una fam\u00edlia que comparteix l\u2019amor pel foc, la tradici\u00f3 i la diversi\u00f3. Si t\u2019apassiona el foc i la cultura catalana, vine a descobrir qu\u00e8 significa ser part de la nostra fam\u00edlia!<\/p>\n\n\n\n<p><\/p>\n","protected":false},"excerpt":{"rendered":"<p>Els Ducs del Foc: 30 anys cremant tradici\u00f3 i passi\u00f3 per la cultura catalana Som Els Ducs del Foc, una colla de diables que porta gaireb\u00e9 30 anys encenent la flama de la tradici\u00f3 i la passi\u00f3 per la cultura catalana. Amb la nostra energia, omplim cada rac\u00f3 de Catalunya de llum, trons i entusiasme, [&hellip;]<\/p>\n","protected":false},"author":1,"featured_media":0,"parent":0,"menu_order":0,"comment_status":"closed","ping_status":"closed","template":"","meta":{"footnotes":""},"class_list":["post-17","page","type-page","status-publish","hentry"],"yoast_head":"<!-- This site is optimized with the Yoast SEO plugin v23.2 - https:\/\/yoast.com\/wordpress\/plugins\/seo\/ -->\n<title>QUI SOM - Els Ducs del Foc<\/title>\n<meta name=\"robots\" content=\"index, follow, max-snippet:-1, max-image-preview:large, max-video-preview:-1\" \/>\n<link rel=\"canonical\" href=\"https:\/\/www.elsducs.org\/blog\/qui\/\" \/>\n<meta property=\"og:locale\" content=\"ca_ES\" \/>\n<meta property=\"og:type\" content=\"article\" \/>\n<meta property=\"og:title\" content=\"QUI SOM - Els Ducs del Foc\" \/>\n<meta property=\"og:description\" content=\"Els Ducs del Foc: 30 anys cremant tradici\u00f3 i passi\u00f3 per la cultura catalana Som Els Ducs del Foc, una colla de diables que porta gaireb\u00e9 30 anys encenent la flama de la tradici\u00f3 i la passi\u00f3 per la cultura catalana. Amb la nostra energia, omplim cada rac\u00f3 de Catalunya de llum, trons i entusiasme, [&hellip;]\" \/>\n<meta property=\"og:url\" content=\"https:\/\/www.elsducs.org\/blog\/qui\/\" \/>\n<meta property=\"og:site_name\" content=\"Els Ducs del Foc\" \/>\n<meta property=\"article:publisher\" content=\"https:\/\/ca-es.facebook.com\/elsducs\/\" \/>\n<meta property=\"article:modified_time\" content=\"2024-08-15T09:18:41+00:00\" \/>\n<meta name=\"twitter:card\" content=\"summary_large_image\" \/>\n<meta name=\"twitter:label1\" content=\"Temps estimat de lectura\" \/>\n\t<meta name=\"twitter:data1\" content=\"1 minut\" \/>\n<script type=\"application\/ld+json\" class=\"yoast-schema-graph\">{\"@context\":\"https:\/\/schema.org\",\"@graph\":[{\"@type\":\"WebPage\",\"@id\":\"https:\/\/www.elsducs.org\/blog\/qui\/\",\"url\":\"https:\/\/www.elsducs.org\/blog\/qui\/\",\"name\":\"QUI SOM - Els Ducs del Foc\",\"isPartOf\":{\"@id\":\"https:\/\/www.elsducs.org\/blog\/#website\"},\"datePublished\":\"2024-08-13T13:52:52+00:00\",\"dateModified\":\"2024-08-15T09:18:41+00:00\",\"breadcrumb\":{\"@id\":\"https:\/\/www.elsducs.org\/blog\/qui\/#breadcrumb\"},\"inLanguage\":\"ca\",\"potentialAction\":[{\"@type\":\"ReadAction\",\"target\":[\"https:\/\/www.elsducs.org\/blog\/qui\/\"]}]},{\"@type\":\"BreadcrumbList\",\"@id\":\"https:\/\/www.elsducs.org\/blog\/qui\/#breadcrumb\",\"itemListElement\":[{\"@type\":\"ListItem\",\"position\":1,\"name\":\"Inici\",\"item\":\"https:\/\/www.elsducs.org\/blog\/\"},{\"@type\":\"ListItem\",\"position\":2,\"name\":\"QUI SOM\"}]},{\"@type\":\"WebSite\",\"@id\":\"https:\/\/www.elsducs.org\/blog\/#website\",\"url\":\"https:\/\/www.elsducs.org\/blog\/\",\"name\":\"Els Ducs del Foc\",\"description\":\"Correfocs i espectacles pirot\u00e8cnics a Catalunya\",\"publisher\":{\"@id\":\"https:\/\/www.elsducs.org\/blog\/#organization\"},\"potentialAction\":[{\"@type\":\"SearchAction\",\"target\":{\"@type\":\"EntryPoint\",\"urlTemplate\":\"https:\/\/www.elsducs.org\/blog\/?s={search_term_string}\"},\"query-input\":\"required name=search_term_string\"}],\"inLanguage\":\"ca\"},{\"@type\":\"Organization\",\"@id\":\"https:\/\/www.elsducs.org\/blog\/#organization\",\"name\":\"Els Ducs del Foc\",\"url\":\"https:\/\/www.elsducs.org\/blog\/\",\"logo\":{\"@type\":\"ImageObject\",\"inLanguage\":\"ca\",\"@id\":\"https:\/\/www.elsducs.org\/blog\/#\/schema\/logo\/image\/\",\"url\":\"https:\/\/www.elsducs.org\/blog\/wp-content\/uploads\/2024\/08\/ducs.jpg\",\"contentUrl\":\"https:\/\/www.elsducs.org\/blog\/wp-content\/uploads\/2024\/08\/ducs.jpg\",\"width\":180,\"height\":180,\"caption\":\"Els Ducs del Foc\"},\"image\":{\"@id\":\"https:\/\/www.elsducs.org\/blog\/#\/schema\/logo\/image\/\"},\"sameAs\":[\"https:\/\/ca-es.facebook.com\/elsducs\/\",\"https:\/\/www.instagram.com\/elsducsdelfoc\/\"]}]}<\/script>\n<!-- \/ Yoast SEO plugin. -->","yoast_head_json":{"title":"QUI SOM - Els Ducs del Foc","robots":{"index":"index","follow":"follow","max-snippet":"max-snippet:-1","max-image-preview":"max-image-preview:large","max-video-preview":"max-video-preview:-1"},"canonical":"https:\/\/www.elsducs.org\/blog\/qui\/","og_locale":"ca_ES","og_type":"article","og_title":"QUI SOM - Els Ducs del Foc","og_description":"Els Ducs del Foc: 30 anys cremant tradici\u00f3 i passi\u00f3 per la cultura catalana Som Els Ducs del Foc, una colla de diables que porta gaireb\u00e9 30 anys encenent la flama de la tradici\u00f3 i la passi\u00f3 per la cultura catalana. Amb la nostra energia, omplim cada rac\u00f3 de Catalunya de llum, trons i entusiasme, [&hellip;]","og_url":"https:\/\/www.elsducs.org\/blog\/qui\/","og_site_name":"Els Ducs del Foc","article_publisher":"https:\/\/ca-es.facebook.com\/elsducs\/","article_modified_time":"2024-08-15T09:18:41+00:00","twitter_card":"summary_large_image","twitter_misc":{"Temps estimat de lectura":"1 minut"},"schema":{"@context":"https:\/\/schema.org","@graph":[{"@type":"WebPage","@id":"https:\/\/www.elsducs.org\/blog\/qui\/","url":"https:\/\/www.elsducs.org\/blog\/qui\/","name":"QUI SOM - Els Ducs del Foc","isPartOf":{"@id":"https:\/\/www.elsducs.org\/blog\/#website"},"datePublished":"2024-08-13T13:52:52+00:00","dateModified":"2024-08-15T09:18:41+00:00","breadcrumb":{"@id":"https:\/\/www.elsducs.org\/blog\/qui\/#breadcrumb"},"inLanguage":"ca","potentialAction":[{"@type":"ReadAction","target":["https:\/\/www.elsducs.org\/blog\/qui\/"]}]},{"@type":"BreadcrumbList","@id":"https:\/\/www.elsducs.org\/blog\/qui\/#breadcrumb","itemListElement":[{"@type":"ListItem","position":1,"name":"Inici","item":"https:\/\/www.elsducs.org\/blog\/"},{"@type":"ListItem","position":2,"name":"QUI SOM"}]},{"@type":"WebSite","@id":"https:\/\/www.elsducs.org\/blog\/#website","url":"https:\/\/www.elsducs.org\/blog\/","name":"Els Ducs del Foc","description":"Correfocs i espectacles pirot\u00e8cnics a Catalunya","publisher":{"@id":"https:\/\/www.elsducs.org\/blog\/#organization"},"potentialAction":[{"@type":"SearchAction","target":{"@type":"EntryPoint","urlTemplate":"https:\/\/www.elsducs.org\/blog\/?s={search_term_string}"},"query-input":"required name=search_term_string"}],"inLanguage":"ca"},{"@type":"Organization","@id":"https:\/\/www.elsducs.org\/blog\/#organization","name":"Els Ducs del Foc","url":"https:\/\/www.elsducs.org\/blog\/","logo":{"@type":"ImageObject","inLanguage":"ca","@id":"https:\/\/www.elsducs.org\/blog\/#\/schema\/logo\/image\/","url":"https:\/\/www.elsducs.org\/blog\/wp-content\/uploads\/2024\/08\/ducs.jpg","contentUrl":"https:\/\/www.elsducs.org\/blog\/wp-content\/uploads\/2024\/08\/ducs.jpg","width":180,"height":180,"caption":"Els Ducs del Foc"},"image":{"@id":"https:\/\/www.elsducs.org\/blog\/#\/schema\/logo\/image\/"},"sameAs":["https:\/\/ca-es.facebook.com\/elsducs\/","https:\/\/www.instagram.com\/elsducsdelfoc\/"]}]}},"_links":{"self":[{"href":"https:\/\/www.elsducs.org\/blog\/wp-json\/wp\/v2\/pages\/17","targetHints":{"allow":["GET"]}}],"collection":[{"href":"https:\/\/www.elsducs.org\/blog\/wp-json\/wp\/v2\/pages"}],"about":[{"href":"https:\/\/www.elsducs.org\/blog\/wp-json\/wp\/v2\/types\/page"}],"author":[{"embeddable":true,"href":"https:\/\/www.elsducs.org\/blog\/wp-json\/wp\/v2\/users\/1"}],"replies":[{"embeddable":true,"href":"https:\/\/www.elsducs.org\/blog\/wp-json\/wp\/v2\/comments?post=17"}],"version-history":[{"count":8,"href":"https:\/\/www.elsducs.org\/blog\/wp-json\/wp\/v2\/pages\/17\/revisions"}],"predecessor-version":[{"id":274,"href":"https:\/\/www.elsducs.org\/blog\/wp-json\/wp\/v2\/pages\/17\/revisions\/274"}],"wp:attachment":[{"href":"https:\/\/www.elsducs.org\/blog\/wp-json\/wp\/v2\/media?parent=17"}],"curies":[{"name":"wp","href":"https:\/\/api.w.org\/{rel}","templated":true}]}}